{"id":1561,"date":"2024-05-22T11:05:20","date_gmt":"2024-05-22T11:05:20","guid":{"rendered":"https:\/\/danarazdanceprojects.com\/galeria\/"},"modified":"2024-05-22T11:45:40","modified_gmt":"2024-05-22T11:45:40","slug":"galeria","status":"publish","type":"page","link":"https:\/\/danarazdanceprojects.com\/es\/galeria\/","title":{"rendered":"Galer\u00eda"},"content":{"rendered":"\t\t<div data-elementor-type=\"wp-page\" data-elementor-id=\"1561\" class=\"elementor elementor-1561 elementor-1547\" data-elementor-post-type=\"page\">\n\t\t\t\t<div class=\"elementor-element elementor-element-388549c e-flex e-con-boxed e-con e-parent\" data-id=\"388549c\" data-element_type=\"container\" data-e-type=\"container\">\n\t\t\t\t\t<div class=\"e-con-inner\">\n\t\t\t\t<div class=\"elementor-element elementor-element-af1aeaf elementor-widget elementor-widget-heading\" data-id=\"af1aeaf\" data-element_type=\"widget\" data-e-type=\"widget\" data-widget_type=\"heading.default\">\n\t\t\t\t<div class=\"elementor-widget-container\">\n\t\t\t\t\t<h1 class=\"elementor-heading-title elementor-size-default\">Galer\u00eda<\/h1>\t\t\t\t<\/div>\n\t\t\t\t<\/div>\n\t\t\t\t\t<\/div>\n\t\t\t\t<\/div>\n\t\t<div class=\"elementor-element elementor-element-eb8433a e-con-full e-flex e-con e-parent\" data-id=\"eb8433a\" data-element_type=\"container\" data-e-type=\"container\">\n\t\t<div class=\"elementor-element elementor-element-8349d9c e-con-full e-flex e-con e-child\" data-id=\"8349d9c\" data-element_type=\"container\" data-e-type=\"container\">\n\t\t\t\t<div class=\"elementor-element elementor-element-8cb2969 elementor-widget elementor-widget-video\" data-id=\"8cb2969\" data-element_type=\"widget\" data-e-type=\"widget\" data-settings=\"{&quot;youtube_url&quot;:&quot;https:\\\/\\\/youtu.be\\\/vDlhkj9p4OE&quot;,&quot;video_type&quot;:&quot;youtube&quot;,&quot;controls&quot;:&quot;yes&quot;}\" data-widget_type=\"video.default\">\n\t\t\t\t<div class=\"elementor-widget-container\">\n\t\t\t\t\t\t\t<div class=\"elementor-wrapper elementor-open-inline\">\n\t\t\t<div class=\"elementor-video\"><\/div>\t\t<\/div>\n\t\t\t\t\t\t<\/div>\n\t\t\t\t<\/div>\n\t\t\t\t<\/div>\n\t\t<div class=\"elementor-element elementor-element-d4d96f7 e-con-full e-flex e-con e-child\" data-id=\"d4d96f7\" data-element_type=\"container\" data-e-type=\"container\">\n\t\t\t\t<div class=\"elementor-element elementor-element-42b8eca elementor-widget elementor-widget-video\" data-id=\"42b8eca\" data-element_type=\"widget\" data-e-type=\"widget\" data-settings=\"{&quot;youtube_url&quot;:&quot;https:\\\/\\\/www.youtube.com\\\/watch?v=R3n7p3Rw5w0&amp;pp=ygUdYXMgZmFzdCBhcyB5b3UgY2FuIGFsZXggYWxsZXI%3D  &quot;,&quot;video_type&quot;:&quot;youtube&quot;,&quot;controls&quot;:&quot;yes&quot;}\" data-widget_type=\"video.default\">\n\t\t\t\t<div class=\"elementor-widget-container\">\n\t\t\t\t\t\t\t<div class=\"elementor-wrapper elementor-open-inline\">\n\t\t\t<div class=\"elementor-video\"><\/div>\t\t<\/div>\n\t\t\t\t\t\t<\/div>\n\t\t\t\t<\/div>\n\t\t\t\t<\/div>\n\t\t\t\t<\/div>\n\t\t<div class=\"elementor-element elementor-element-d8e2247 e-con-full e-flex e-con e-parent\" data-id=\"d8e2247\" data-element_type=\"container\" data-e-type=\"container\">\n\t\t<div class=\"elementor-element elementor-element-835cb5f e-con-full e-flex e-con e-child\" data-id=\"835cb5f\" data-element_type=\"container\" data-e-type=\"container\">\n\t\t\t\t<div class=\"elementor-element elementor-element-4686203 elementor-widget elementor-widget-video\" data-id=\"4686203\" data-element_type=\"widget\" data-e-type=\"widget\" data-settings=\"{&quot;youtube_url&quot;:&quot;https:\\\/\\\/youtu.be\\\/SbujvfpCocw&quot;,&quot;video_type&quot;:&quot;youtube&quot;,&quot;controls&quot;:&quot;yes&quot;}\" data-widget_type=\"video.default\">\n\t\t\t\t<div class=\"elementor-widget-container\">\n\t\t\t\t\t\t\t<div class=\"elementor-wrapper elementor-open-inline\">\n\t\t\t<div class=\"elementor-video\"><\/div>\t\t<\/div>\n\t\t\t\t\t\t<\/div>\n\t\t\t\t<\/div>\n\t\t\t\t<\/div>\n\t\t<div class=\"elementor-element elementor-element-0445378 e-con-full e-flex e-con e-child\" data-id=\"0445378\" data-element_type=\"container\" data-e-type=\"container\">\n\t\t\t\t<div class=\"elementor-element elementor-element-d10344c elementor-widget elementor-widget-video\" data-id=\"d10344c\" data-element_type=\"widget\" data-e-type=\"widget\" data-settings=\"{&quot;youtube_url&quot;:&quot;https:\\\/\\\/youtu.be\\\/iueagQZ-6Uo&quot;,&quot;video_type&quot;:&quot;youtube&quot;,&quot;controls&quot;:&quot;yes&quot;}\" data-widget_type=\"video.default\">\n\t\t\t\t<div class=\"elementor-widget-container\">\n\t\t\t\t\t\t\t<div class=\"elementor-wrapper elementor-open-inline\">\n\t\t\t<div class=\"elementor-video\"><\/div>\t\t<\/div>\n\t\t\t\t\t\t<\/div>\n\t\t\t\t<\/div>\n\t\t\t\t<\/div>\n\t\t\t\t<\/div>\n\t\t<div class=\"elementor-element elementor-element-ef5af5d e-con-full e-flex e-con e-parent\" data-id=\"ef5af5d\" data-element_type=\"container\" data-e-type=\"container\">\n\t\t<div class=\"elementor-element elementor-element-be9ea27 e-con-full e-flex e-con e-child\" data-id=\"be9ea27\" data-element_type=\"container\" data-e-type=\"container\">\n\t\t\t\t<div class=\"elementor-element elementor-element-1c5bfa9 elementor-widget elementor-widget-video\" data-id=\"1c5bfa9\" data-element_type=\"widget\" data-e-type=\"widget\" data-settings=\"{&quot;youtube_url&quot;:&quot;https:\\\/\\\/youtu.be\\\/0sYwmYzLyAI&quot;,&quot;video_type&quot;:&quot;youtube&quot;,&quot;controls&quot;:&quot;yes&quot;}\" data-widget_type=\"video.default\">\n\t\t\t\t<div class=\"elementor-widget-container\">\n\t\t\t\t\t\t\t<div class=\"elementor-wrapper elementor-open-inline\">\n\t\t\t<div class=\"elementor-video\"><\/div>\t\t<\/div>\n\t\t\t\t\t\t<\/div>\n\t\t\t\t<\/div>\n\t\t\t\t<\/div>\n\t\t<div class=\"elementor-element elementor-element-26cfdb0 e-con-full e-flex e-con e-child\" data-id=\"26cfdb0\" data-element_type=\"container\" data-e-type=\"container\">\n\t\t\t\t<div class=\"elementor-element elementor-element-b2f7f1b elementor-widget elementor-widget-video\" data-id=\"b2f7f1b\" data-element_type=\"widget\" data-e-type=\"widget\" data-settings=\"{&quot;youtube_url&quot;:&quot;https:\\\/\\\/youtu.be\\\/E3ri0tckY00&quot;,&quot;video_type&quot;:&quot;youtube&quot;,&quot;controls&quot;:&quot;yes&quot;}\" data-widget_type=\"video.default\">\n\t\t\t\t<div class=\"elementor-widget-container\">\n\t\t\t\t\t\t\t<div class=\"elementor-wrapper elementor-open-inline\">\n\t\t\t<div class=\"elementor-video\"><\/div>\t\t<\/div>\n\t\t\t\t\t\t<\/div>\n\t\t\t\t<\/div>\n\t\t\t\t<\/div>\n\t\t\t\t<\/div>\n\t\t<div class=\"elementor-element elementor-element-34036f5 e-con-full e-flex e-con e-parent\" data-id=\"34036f5\" data-element_type=\"container\" data-e-type=\"container\">\n\t\t<div class=\"elementor-element elementor-element-bb83dbd e-con-full e-flex e-con e-child\" data-id=\"bb83dbd\" data-element_type=\"container\" data-e-type=\"container\">\n\t\t\t\t<div class=\"elementor-element elementor-element-24867b5 elementor-widget elementor-widget-video\" data-id=\"24867b5\" data-element_type=\"widget\" data-e-type=\"widget\" data-settings=\"{&quot;youtube_url&quot;:&quot; https:\\\/\\\/youtu.be\\\/ppevBlGbfM4&quot;,&quot;video_type&quot;:&quot;youtube&quot;,&quot;controls&quot;:&quot;yes&quot;}\" data-widget_type=\"video.default\">\n\t\t\t\t<div class=\"elementor-widget-container\">\n\t\t\t\t\t\t\t<div class=\"elementor-wrapper elementor-open-inline\">\n\t\t\t<div class=\"elementor-video\"><\/div>\t\t<\/div>\n\t\t\t\t\t\t<\/div>\n\t\t\t\t<\/div>\n\t\t\t\t<\/div>\n\t\t<div class=\"elementor-element elementor-element-002c113 e-con-full e-flex e-con e-child\" data-id=\"002c113\" data-element_type=\"container\" data-e-type=\"container\">\n\t\t\t\t<div class=\"elementor-element elementor-element-d2983d8 elementor-widget elementor-widget-video\" data-id=\"d2983d8\" data-element_type=\"widget\" data-e-type=\"widget\" data-settings=\"{&quot;youtube_url&quot;:&quot;https:\\\/\\\/youtu.be\\\/hKY6FbeFLP0&quot;,&quot;video_type&quot;:&quot;youtube&quot;,&quot;controls&quot;:&quot;yes&quot;}\" data-widget_type=\"video.default\">\n\t\t\t\t<div class=\"elementor-widget-container\">\n\t\t\t\t\t\t\t<div class=\"elementor-wrapper elementor-open-inline\">\n\t\t\t<div class=\"elementor-video\"><\/div>\t\t<\/div>\n\t\t\t\t\t\t<\/div>\n\t\t\t\t<\/div>\n\t\t\t\t<\/div>\n\t\t\t\t<\/div>\n\t\t\t\t<\/div>\n\t\t","protected":false},"excerpt":{"rendered":"<p>Galer\u00eda<\/p>\n","protected":false},"author":1,"featured_media":0,"parent":0,"menu_order":0,"comment_status":"closed","ping_status":"closed","template":"","meta":{"footnotes":""},"class_list":["post-1561","page","type-page","status-publish","hentry"],"yoast_head":"<!-- This site is optimized with the Yoast SEO plugin v27.4 - https:\/\/yoast.com\/product\/yoast-seo-wordpress\/ -->\n<title>Video Galer\u00eda - Dana Raz Dance Projects<\/title>\n<meta name=\"description\" content=\"Videos. Aqu\u00ed encontrar\u00e1s una muestra de nuestro trabajo. Danza contempor\u00e1nea.\" \/>\n<meta name=\"robots\" content=\"index, follow, max-snippet:-1, max-image-preview:large, max-video-preview:-1\" \/>\n<link rel=\"canonical\" href=\"https:\/\/danarazdanceprojects.com\/es\/galeria\/\" \/>\n<meta property=\"og:locale\" content=\"es_ES\" \/>\n<meta property=\"og:type\" content=\"article\" \/>\n<meta property=\"og:title\" content=\"Video Galer\u00eda - Dana Raz Dance Projects\" \/>\n<meta property=\"og:description\" content=\"Videos. Aqu\u00ed encontrar\u00e1s una muestra de nuestro trabajo. Danza contempor\u00e1nea.\" \/>\n<meta property=\"og:url\" content=\"https:\/\/danarazdanceprojects.com\/es\/galeria\/\" \/>\n<meta property=\"og:site_name\" content=\"Dana Raz Dance Projects\" \/>\n<meta property=\"article:publisher\" content=\"https:\/\/www.facebook.com\/DanaRazDanceProjects\" \/>\n<meta property=\"article:modified_time\" content=\"2024-05-22T11:45:40+00:00\" \/>\n<meta name=\"twitter:card\" content=\"summary_large_image\" \/>\n<script type=\"application\/ld+json\" class=\"yoast-schema-graph\">{\"@context\":\"https:\\\/\\\/schema.org\",\"@graph\":[{\"@type\":\"WebPage\",\"@id\":\"https:\\\/\\\/danarazdanceprojects.com\\\/es\\\/galeria\\\/\",\"url\":\"https:\\\/\\\/danarazdanceprojects.com\\\/es\\\/galeria\\\/\",\"name\":\"Video Galer\u00eda - Dana Raz Dance Projects\",\"isPartOf\":{\"@id\":\"https:\\\/\\\/danarazdanceprojects.com\\\/#website\"},\"datePublished\":\"2024-05-22T11:05:20+00:00\",\"dateModified\":\"2024-05-22T11:45:40+00:00\",\"description\":\"Videos. Aqu\u00ed encontrar\u00e1s una muestra de nuestro trabajo. Danza contempor\u00e1nea.\",\"breadcrumb\":{\"@id\":\"https:\\\/\\\/danarazdanceprojects.com\\\/es\\\/galeria\\\/#breadcrumb\"},\"inLanguage\":\"es\",\"potentialAction\":[{\"@type\":\"ReadAction\",\"target\":[\"https:\\\/\\\/danarazdanceprojects.com\\\/es\\\/galeria\\\/\"]}]},{\"@type\":\"BreadcrumbList\",\"@id\":\"https:\\\/\\\/danarazdanceprojects.com\\\/es\\\/galeria\\\/#breadcrumb\",\"itemListElement\":[{\"@type\":\"ListItem\",\"position\":1,\"name\":\"Home\",\"item\":\"https:\\\/\\\/danarazdanceprojects.com\\\/\"},{\"@type\":\"ListItem\",\"position\":2,\"name\":\"Galer\u00eda\"}]},{\"@type\":\"WebSite\",\"@id\":\"https:\\\/\\\/danarazdanceprojects.com\\\/#website\",\"url\":\"https:\\\/\\\/danarazdanceprojects.com\\\/\",\"name\":\"Dana Raz Dance Projects\",\"description\":\"Dance Company\",\"publisher\":{\"@id\":\"https:\\\/\\\/danarazdanceprojects.com\\\/#organization\"},\"potentialAction\":[{\"@type\":\"SearchAction\",\"target\":{\"@type\":\"EntryPoint\",\"urlTemplate\":\"https:\\\/\\\/danarazdanceprojects.com\\\/?s={search_term_string}\"},\"query-input\":{\"@type\":\"PropertyValueSpecification\",\"valueRequired\":true,\"valueName\":\"search_term_string\"}}],\"inLanguage\":\"es\"},{\"@type\":\"Organization\",\"@id\":\"https:\\\/\\\/danarazdanceprojects.com\\\/#organization\",\"name\":\"Dana Raz Dance Projects\",\"alternateName\":\"Dana Raz Dance Projects\",\"url\":\"https:\\\/\\\/danarazdanceprojects.com\\\/\",\"logo\":{\"@type\":\"ImageObject\",\"inLanguage\":\"es\",\"@id\":\"https:\\\/\\\/danarazdanceprojects.com\\\/#\\\/schema\\\/logo\\\/image\\\/\",\"url\":\"https:\\\/\\\/danarazdanceprojects.com\\\/wp-content\\\/uploads\\\/2024\\\/03\\\/cropped-LOGO-DANA-TRASNPARENTE-BLANCO-web.png\",\"contentUrl\":\"https:\\\/\\\/danarazdanceprojects.com\\\/wp-content\\\/uploads\\\/2024\\\/03\\\/cropped-LOGO-DANA-TRASNPARENTE-BLANCO-web.png\",\"width\":400,\"height\":362,\"caption\":\"Dana Raz Dance Projects\"},\"image\":{\"@id\":\"https:\\\/\\\/danarazdanceprojects.com\\\/#\\\/schema\\\/logo\\\/image\\\/\"},\"sameAs\":[\"https:\\\/\\\/www.facebook.com\\\/DanaRazDanceProjects\",\"https:\\\/\\\/www.instagram.com\\\/danarazdanceprojects\",\"https:\\\/\\\/www.youtube.com\\\/channel\\\/UClOWIwKl3Uc5dMw4oGQtt4Q\"]}]}<\/script>\n<!-- \/ Yoast SEO plugin. -->","yoast_head_json":{"title":"Video Galer\u00eda - Dana Raz Dance Projects","description":"Videos. Aqu\u00ed encontrar\u00e1s una muestra de nuestro trabajo. Danza contempor\u00e1nea.","robots":{"index":"index","follow":"follow","max-snippet":"max-snippet:-1","max-image-preview":"max-image-preview:large","max-video-preview":"max-video-preview:-1"},"canonical":"https:\/\/danarazdanceprojects.com\/es\/galeria\/","og_locale":"es_ES","og_type":"article","og_title":"Video Galer\u00eda - Dana Raz Dance Projects","og_description":"Videos. Aqu\u00ed encontrar\u00e1s una muestra de nuestro trabajo. Danza contempor\u00e1nea.","og_url":"https:\/\/danarazdanceprojects.com\/es\/galeria\/","og_site_name":"Dana Raz Dance Projects","article_publisher":"https:\/\/www.facebook.com\/DanaRazDanceProjects","article_modified_time":"2024-05-22T11:45:40+00:00","twitter_card":"summary_large_image","schema":{"@context":"https:\/\/schema.org","@graph":[{"@type":"WebPage","@id":"https:\/\/danarazdanceprojects.com\/es\/galeria\/","url":"https:\/\/danarazdanceprojects.com\/es\/galeria\/","name":"Video Galer\u00eda - Dana Raz Dance Projects","isPartOf":{"@id":"https:\/\/danarazdanceprojects.com\/#website"},"datePublished":"2024-05-22T11:05:20+00:00","dateModified":"2024-05-22T11:45:40+00:00","description":"Videos. Aqu\u00ed encontrar\u00e1s una muestra de nuestro trabajo. Danza contempor\u00e1nea.","breadcrumb":{"@id":"https:\/\/danarazdanceprojects.com\/es\/galeria\/#breadcrumb"},"inLanguage":"es","potentialAction":[{"@type":"ReadAction","target":["https:\/\/danarazdanceprojects.com\/es\/galeria\/"]}]},{"@type":"BreadcrumbList","@id":"https:\/\/danarazdanceprojects.com\/es\/galeria\/#breadcrumb","itemListElement":[{"@type":"ListItem","position":1,"name":"Home","item":"https:\/\/danarazdanceprojects.com\/"},{"@type":"ListItem","position":2,"name":"Galer\u00eda"}]},{"@type":"WebSite","@id":"https:\/\/danarazdanceprojects.com\/#website","url":"https:\/\/danarazdanceprojects.com\/","name":"Dana Raz Dance Projects","description":"Dance Company","publisher":{"@id":"https:\/\/danarazdanceprojects.com\/#organization"},"potentialAction":[{"@type":"SearchAction","target":{"@type":"EntryPoint","urlTemplate":"https:\/\/danarazdanceprojects.com\/?s={search_term_string}"},"query-input":{"@type":"PropertyValueSpecification","valueRequired":true,"valueName":"search_term_string"}}],"inLanguage":"es"},{"@type":"Organization","@id":"https:\/\/danarazdanceprojects.com\/#organization","name":"Dana Raz Dance Projects","alternateName":"Dana Raz Dance Projects","url":"https:\/\/danarazdanceprojects.com\/","logo":{"@type":"ImageObject","inLanguage":"es","@id":"https:\/\/danarazdanceprojects.com\/#\/schema\/logo\/image\/","url":"https:\/\/danarazdanceprojects.com\/wp-content\/uploads\/2024\/03\/cropped-LOGO-DANA-TRASNPARENTE-BLANCO-web.png","contentUrl":"https:\/\/danarazdanceprojects.com\/wp-content\/uploads\/2024\/03\/cropped-LOGO-DANA-TRASNPARENTE-BLANCO-web.png","width":400,"height":362,"caption":"Dana Raz Dance Projects"},"image":{"@id":"https:\/\/danarazdanceprojects.com\/#\/schema\/logo\/image\/"},"sameAs":["https:\/\/www.facebook.com\/DanaRazDanceProjects","https:\/\/www.instagram.com\/danarazdanceprojects","https:\/\/www.youtube.com\/channel\/UClOWIwKl3Uc5dMw4oGQtt4Q"]}]}},"_links":{"self":[{"href":"https:\/\/danarazdanceprojects.com\/es\/wp-json\/wp\/v2\/pages\/1561","targetHints":{"allow":["GET"]}}],"collection":[{"href":"https:\/\/danarazdanceprojects.com\/es\/wp-json\/wp\/v2\/pages"}],"about":[{"href":"https:\/\/danarazdanceprojects.com\/es\/wp-json\/wp\/v2\/types\/page"}],"author":[{"embeddable":true,"href":"https:\/\/danarazdanceprojects.com\/es\/wp-json\/wp\/v2\/users\/1"}],"replies":[{"embeddable":true,"href":"https:\/\/danarazdanceprojects.com\/es\/wp-json\/wp\/v2\/comments?post=1561"}],"version-history":[{"count":1,"href":"https:\/\/danarazdanceprojects.com\/es\/wp-json\/wp\/v2\/pages\/1561\/revisions"}],"predecessor-version":[{"id":1562,"href":"https:\/\/danarazdanceprojects.com\/es\/wp-json\/wp\/v2\/pages\/1561\/revisions\/1562"}],"wp:attachment":[{"href":"https:\/\/danarazdanceprojects.com\/es\/wp-json\/wp\/v2\/media?parent=1561"}],"curies":[{"name":"wp","href":"https:\/\/api.w.org\/{rel}","templated":true}]}}