{"id":1299,"date":"2024-03-04T12:05:17","date_gmt":"2024-03-04T12:05:17","guid":{"rendered":"https:\/\/danarazdanceprojects.com\/politica-de-privacidad\/"},"modified":"2024-05-16T08:34:53","modified_gmt":"2024-05-16T08:34:53","slug":"politica-de-privacidad","status":"publish","type":"page","link":"https:\/\/danarazdanceprojects.com\/es\/politica-de-privacidad\/","title":{"rendered":"Pol\u00edtica de Privacidad"},"content":{"rendered":"\t\t<div data-elementor-type=\"wp-page\" data-elementor-id=\"1299\" class=\"elementor elementor-1299 elementor-3\" data-elementor-post-type=\"page\">\n\t\t\t\t<div class=\"elementor-element elementor-element-1e47bcc2 e-flex e-con-boxed e-con e-parent\" data-id=\"1e47bcc2\" data-element_type=\"container\" data-e-type=\"container\">\n\t\t\t\t\t<div class=\"e-con-inner\">\n\t\t\t\t<div class=\"elementor-element elementor-element-7ecdf78 elementor-widget elementor-widget-heading\" data-id=\"7ecdf78\" data-element_type=\"widget\" data-e-type=\"widget\" data-widget_type=\"heading.default\">\n\t\t\t\t<div class=\"elementor-widget-container\">\n\t\t\t\t\t<h2 class=\"elementor-heading-title elementor-size-default\">Pol\u00edtica de Privacidad<\/h2>\t\t\t\t<\/div>\n\t\t\t\t<\/div>\n\t\t\t\t<div class=\"elementor-element elementor-element-60ca4508 elementor-widget elementor-widget-text-editor\" data-id=\"60ca4508\" data-element_type=\"widget\" data-e-type=\"widget\" data-widget_type=\"text-editor.default\">\n\t\t\t\t<div class=\"elementor-widget-container\">\n\t\t\t\t\t\t\t\t\t\n<p><b>Dana Raz Dance Projects Pol\u00edtica de privacidad<\/b><\/p>\n<p><span style=\"font-weight: 400;\">Fecha Efectiva: 7th may 2024<\/span><\/p>\n<p><b>Introducci\u00f3n<\/b><\/p>\n<p><span style=\"font-weight: 400;\">Dana Raz Dance Projects, con representaci\u00f3n legal de Danna Raz, CIF Y3283206Q, con domicilio en Avenida Col\u00f3n, 3, 5\u00aa Izquierda, 33013, Oviedo, Espa\u00f1a, se compromete a proteger su privacidad. Esta Pol\u00edtica de Privacidad describe c\u00f3mo recopilamos, utilizamos, revelamos y protegemos su informaci\u00f3n cuando visita nuestro sitio web: <\/span><a href=\"http:\/\/www.danarazdanceprojects.com\/\"> <span style=\"font-weight: 400;\">www.danarazdanceprojects.com<\/span><\/a><span style=\"font-weight: 400;\">Al utilizar nuestro sitio web, usted acepta la recopilaci\u00f3n y el uso de la informaci\u00f3n de acuerdo con esta pol\u00edtica. <\/span><\/p>\n<p><b>Controlador de datos<\/b><\/p>\n<p><span style=\"font-weight: 400;\">Sus datos son controlados por Dana Raz Dance Projects. Puede ponerse en contacto con nosotros a trav\u00e9s de: <\/span><\/p>\n<ul>\n<li style=\"font-weight: 400;\" aria-level=\"1\"><span style=\"font-weight: 400;\">Email: management@danarazdanceprojects.com<\/span><\/li>\n<li style=\"font-weight: 400;\" aria-level=\"1\"><span style=\"font-weight: 400;\">Tel\u00e9fono: +34 657 30 59 95<\/span><\/li>\n<li style=\"font-weight: 400;\" aria-level=\"1\"><span style=\"font-weight: 400;\">Direcci\u00f3n: Avenida Col\u00f3n, 3, 5th Left, 33013, Oviedo, Spain.<\/span><\/li>\n<\/ul>\n<p><b>Informaci\u00f3n que recopilamos<\/b><\/p>\n<ul>\n<li style=\"font-weight: 400;\" aria-level=\"1\"><span style=\"font-weight: 400;\">Contactos web y correo electr\u00f3nico: Cuando utiliza nuestro sitio web o se pone en contacto con nosotros por correo electr\u00f3nico, podemos recopilar su direcci\u00f3n IP, sistema operativo, tipo de navegador y duraci\u00f3n de la visita de forma an\u00f3nima. Si proporciona datos a trav\u00e9s de nuestro formulario de contacto, se utilizar\u00e1n para responder a sus consultas o gestionar sus solicitudes. <\/span><\/li>\n<\/ul>\n<p><b>Finalidad del tratamiento de datos<\/b><\/p>\n<ul>\n<li style=\"font-weight: 400;\" aria-level=\"1\"><span style=\"font-weight: 400;\">Responder a sus consultas, peticiones o demandas.<\/span><\/li>\n<li style=\"font-weight: 400;\" aria-level=\"1\"><span style=\"font-weight: 400;\">Gestionar el servicio solicitado, atender su petici\u00f3n o tramitar su solicitud.<\/span><\/li>\n<li style=\"font-weight: 400;\" aria-level=\"1\"><span style=\"font-weight: 400;\">Para enviar informaci\u00f3n por medios electr\u00f3nicos sobre su petici\u00f3n.<\/span><\/li>\n<li style=\"font-weight: 400;\" aria-level=\"1\"><span style=\"font-weight: 400;\">Enviar informaci\u00f3n sobre marketing o eventos por medios electr\u00f3nicos, siempre que exista consentimiento expreso.<\/span><\/li>\n<li style=\"font-weight: 400;\" aria-level=\"1\"><span style=\"font-weight: 400;\">Para realizar an\u00e1lisis y mejoras en la Web, nuestros productos y servicios. Mejorar nuestra estrategia empresarial.<\/span><\/li>\n<\/ul>\n<p><b>Base jur\u00eddica para el tratamiento<\/b><\/p>\n<p><span style=\"font-weight: 400;\">El tratamiento de sus datos se basa en su consentimiento, que se otorga expl\u00edcitamente al cumplimentar un formulario y pulsar el bot\u00f3n de env\u00edo. Este acto implica que usted ha sido informado y ha dado su consentimiento expreso a esta pol\u00edtica de privacidad.<\/span><\/p>\n<p><b>Inclusi\u00f3n de datos de terceros<\/b><\/p>\n<p><span style=\"font-weight: 400;\">S\u00f3lo tratamos los datos facilitados por los propios interesados. Si usted nos facilita datos de terceros, deber\u00e1 informarles previamente y obtener su consentimiento, o de lo contrario nos eximir\u00e1 de cualquier responsabilidad por el incumplimiento de este requisito. <\/span><\/p>\n<p><b>Datos de menores<\/b><\/p>\n<p><span style=\"font-weight: 400;\">No tratamos datos de personas menores de 18 a\u00f1os. Le rogamos que no facilite dichos datos si es menor de dicha edad ni facilite datos de terceros que sean menores de dicha edad. <\/span><\/p>\n<p><b>Comunicaciones electr\u00f3nicas<\/b><\/p>\n<p><span style=\"font-weight: 400;\">S\u00f3lo realizaremos comunicaciones electr\u00f3nicas para gestionar su solicitud. S\u00f3lo se enviar\u00e1n comunicaciones de marketing si usted lo autoriza expresamente. <\/span><\/p>\n<p><b>Medidas de seguridad<\/b><\/p>\n<p><span style=\"font-weight: 400;\">Hemos adoptado un nivel \u00f3ptimo de protecci\u00f3n de los Datos Personales que tratamos y hemos instalado todos los medios y medidas a nuestro alcance para evitar la p\u00e9rdida, mal uso, alteraci\u00f3n, acceso no autorizado y robo de los Datos Personales.<\/span><\/p>\n<p><b>Destinatarios de los datos<\/b><\/p>\n<p><span style=\"font-weight: 400;\">Sus datos no ser\u00e1n cedidos a terceros, salvo obligaci\u00f3n legal. En concreto, los datos ser\u00e1n comunicados a la Agencia Estatal de Administraci\u00f3n Tributaria y a entidades bancarias y financieras para el cobro del servicio prestado o producto adquirido y a los encargados del tratamiento necesarios para la ejecuci\u00f3n del contrato. <\/span><\/p>\n<p><b>Sus derechos<\/b><\/p>\n<p><span style=\"font-weight: 400;\">Tiene derecho a:<\/span><\/p>\n<ul>\n<li style=\"font-weight: 400;\" aria-level=\"1\"><span style=\"font-weight: 400;\">Saber si estamos tratando sus datos.<\/span><\/li>\n<li style=\"font-weight: 400;\" aria-level=\"1\"><span style=\"font-weight: 400;\">Acceder a sus datos personales.<\/span><\/li>\n<li style=\"font-weight: 400;\" aria-level=\"1\"><span style=\"font-weight: 400;\">Solicitar la correcci\u00f3n de datos inexactos.<\/span><\/li>\n<li style=\"font-weight: 400;\" aria-level=\"1\"><span style=\"font-weight: 400;\">Solicitar la supresi\u00f3n de los datos cuando ya no sean necesarios.<\/span><\/li>\n<li style=\"font-weight: 400;\" aria-level=\"1\"><span style=\"font-weight: 400;\">Solicitar la limitaci\u00f3n del tratamiento de sus datos, en algunos casos.<\/span><\/li>\n<li style=\"font-weight: 400;\" aria-level=\"1\"><span style=\"font-weight: 400;\">Portar sus datos, que se facilitar\u00e1n en un formato estructurado, de uso com\u00fan o lectura mec\u00e1nica.<\/span><\/li>\n<li style=\"font-weight: 400;\" aria-level=\"1\"><span style=\"font-weight: 400;\">Presentar una reclamaci\u00f3n ante la Agencia Espa\u00f1ola de Protecci\u00f3n de Datos si considera que no hemos tratado correctamente sus datos.<\/span><\/li>\n<li style=\"font-weight: 400;\" aria-level=\"1\"><span style=\"font-weight: 400;\">Retirar su consentimiento en cualquier momento para cualquier tratamiento para el que haya dado su consentimiento.<\/span><\/li>\n<\/ul>\n<p><b>Uso de cookies<\/b><\/p>\n<p><span style=\"font-weight: 400;\">Para obtener informaci\u00f3n sobre el uso de cookies, consulte nuestra pol\u00edtica de cookies en nuestro sitio web.<\/span><\/p>\n<p><b>Conservaci\u00f3n de datos<\/b><\/p>\n<p><span style=\"font-weight: 400;\">Conservaremos sus datos personales mientras exista una relaci\u00f3n mutua o por imperativo legal. Despu\u00e9s de eso, los datos se conservar\u00e1n seg\u00fan lo exijan las normas legales, o hasta que usted solicite su supresi\u00f3n o revoque el consentimiento prestado. <\/span><\/p>\n<p><span style=\"font-weight: 400;\">Esta Pol\u00edtica de Privacidad est\u00e1 sujeta a cambios. Le recomendamos que la revise peri\u00f3dicamente. Si est\u00e1 registrado y accede a su cuenta o perfil, se le informar\u00e1 de las modificaciones.  <\/span><\/p>\n\t\t\t\t\t\t\t\t<\/div>\n\t\t\t\t<\/div>\n\t\t\t\t\t<\/div>\n\t\t\t\t<\/div>\n\t\t\t\t<\/div>\n\t\t","protected":false},"excerpt":{"rendered":"<p>Pol\u00edtica de Privacidad Dana Raz Dance Projects Pol\u00edtica de privacidad Fecha Efectiva: 7th may 2024 Introducci\u00f3n Dana Raz Dance Projects, con representaci\u00f3n legal de Danna Raz, CIF Y3283206Q, con domicilio en Avenida Col\u00f3n, 3, 5\u00aa Izquierda, 33013, Oviedo, Espa\u00f1a, se compromete a proteger su privacidad. Esta Pol\u00edtica de Privacidad describe c\u00f3mo recopilamos, utilizamos, revelamos y [&hellip;]<\/p>\n","protected":false},"author":1,"featured_media":0,"parent":0,"menu_order":0,"comment_status":"closed","ping_status":"open","template":"","meta":{"footnotes":""},"class_list":["post-1299","page","type-page","status-publish","hentry"],"yoast_head":"<!-- This site is optimized with the Yoast SEO plugin v27.4 - https:\/\/yoast.com\/product\/yoast-seo-wordpress\/ -->\n<title>Pol\u00edtica de Privacidad - Dana Raz Dance Projects<\/title>\n<meta name=\"robots\" content=\"index, follow, max-snippet:-1, max-image-preview:large, max-video-preview:-1\" \/>\n<link rel=\"canonical\" href=\"https:\/\/danarazdanceprojects.com\/privacy-policy\/\" \/>\n<meta property=\"og:locale\" content=\"es_ES\" \/>\n<meta property=\"og:type\" content=\"article\" \/>\n<meta property=\"og:title\" content=\"Pol\u00edtica de Privacidad - Dana Raz Dance Projects\" \/>\n<meta property=\"og:description\" content=\"Pol\u00edtica de Privacidad Dana Raz Dance Projects Pol\u00edtica de privacidad Fecha Efectiva: 7th may 2024 Introducci\u00f3n Dana Raz Dance Projects, con representaci\u00f3n legal de Danna Raz, CIF Y3283206Q, con domicilio en Avenida Col\u00f3n, 3, 5\u00aa Izquierda, 33013, Oviedo, Espa\u00f1a, se compromete a proteger su privacidad. Esta Pol\u00edtica de Privacidad describe c\u00f3mo recopilamos, utilizamos, revelamos y [&hellip;]\" \/>\n<meta property=\"og:url\" content=\"https:\/\/danarazdanceprojects.com\/privacy-policy\/\" \/>\n<meta property=\"og:site_name\" content=\"Dana Raz Dance Projects\" \/>\n<meta property=\"article:publisher\" content=\"https:\/\/www.facebook.com\/DanaRazDanceProjects\" \/>\n<meta property=\"article:modified_time\" content=\"2024-05-16T08:34:53+00:00\" \/>\n<meta name=\"twitter:card\" content=\"summary_large_image\" \/>\n<meta name=\"twitter:label1\" content=\"Tiempo de lectura\" \/>\n\t<meta name=\"twitter:data1\" content=\"4 minutos\" \/>\n<script type=\"application\/ld+json\" class=\"yoast-schema-graph\">{\"@context\":\"https:\\\/\\\/schema.org\",\"@graph\":[{\"@type\":\"WebPage\",\"@id\":\"https:\\\/\\\/danarazdanceprojects.com\\\/privacy-policy\\\/\",\"url\":\"https:\\\/\\\/danarazdanceprojects.com\\\/privacy-policy\\\/\",\"name\":\"Pol\u00edtica de Privacidad - Dana Raz Dance Projects\",\"isPartOf\":{\"@id\":\"https:\\\/\\\/danarazdanceprojects.com\\\/#website\"},\"datePublished\":\"2024-03-04T12:05:17+00:00\",\"dateModified\":\"2024-05-16T08:34:53+00:00\",\"breadcrumb\":{\"@id\":\"https:\\\/\\\/danarazdanceprojects.com\\\/privacy-policy\\\/#breadcrumb\"},\"inLanguage\":\"es\",\"potentialAction\":[{\"@type\":\"ReadAction\",\"target\":[\"https:\\\/\\\/danarazdanceprojects.com\\\/privacy-policy\\\/\"]}]},{\"@type\":\"BreadcrumbList\",\"@id\":\"https:\\\/\\\/danarazdanceprojects.com\\\/privacy-policy\\\/#breadcrumb\",\"itemListElement\":[{\"@type\":\"ListItem\",\"position\":1,\"name\":\"Home\",\"item\":\"https:\\\/\\\/danarazdanceprojects.com\\\/\"},{\"@type\":\"ListItem\",\"position\":2,\"name\":\"Pol\u00edtica de Privacidad\"}]},{\"@type\":\"WebSite\",\"@id\":\"https:\\\/\\\/danarazdanceprojects.com\\\/#website\",\"url\":\"https:\\\/\\\/danarazdanceprojects.com\\\/\",\"name\":\"Dana Raz Dance Projects\",\"description\":\"Dance Company\",\"publisher\":{\"@id\":\"https:\\\/\\\/danarazdanceprojects.com\\\/#organization\"},\"potentialAction\":[{\"@type\":\"SearchAction\",\"target\":{\"@type\":\"EntryPoint\",\"urlTemplate\":\"https:\\\/\\\/danarazdanceprojects.com\\\/?s={search_term_string}\"},\"query-input\":{\"@type\":\"PropertyValueSpecification\",\"valueRequired\":true,\"valueName\":\"search_term_string\"}}],\"inLanguage\":\"es\"},{\"@type\":\"Organization\",\"@id\":\"https:\\\/\\\/danarazdanceprojects.com\\\/#organization\",\"name\":\"Dana Raz Dance Projects\",\"alternateName\":\"Dana Raz Dance Projects\",\"url\":\"https:\\\/\\\/danarazdanceprojects.com\\\/\",\"logo\":{\"@type\":\"ImageObject\",\"inLanguage\":\"es\",\"@id\":\"https:\\\/\\\/danarazdanceprojects.com\\\/#\\\/schema\\\/logo\\\/image\\\/\",\"url\":\"https:\\\/\\\/danarazdanceprojects.com\\\/wp-content\\\/uploads\\\/2024\\\/03\\\/cropped-LOGO-DANA-TRASNPARENTE-BLANCO-web.png\",\"contentUrl\":\"https:\\\/\\\/danarazdanceprojects.com\\\/wp-content\\\/uploads\\\/2024\\\/03\\\/cropped-LOGO-DANA-TRASNPARENTE-BLANCO-web.png\",\"width\":400,\"height\":362,\"caption\":\"Dana Raz Dance Projects\"},\"image\":{\"@id\":\"https:\\\/\\\/danarazdanceprojects.com\\\/#\\\/schema\\\/logo\\\/image\\\/\"},\"sameAs\":[\"https:\\\/\\\/www.facebook.com\\\/DanaRazDanceProjects\",\"https:\\\/\\\/www.instagram.com\\\/danarazdanceprojects\",\"https:\\\/\\\/www.youtube.com\\\/channel\\\/UClOWIwKl3Uc5dMw4oGQtt4Q\"]}]}<\/script>\n<!-- \/ Yoast SEO plugin. -->","yoast_head_json":{"title":"Pol\u00edtica de Privacidad - Dana Raz Dance Projects","robots":{"index":"index","follow":"follow","max-snippet":"max-snippet:-1","max-image-preview":"max-image-preview:large","max-video-preview":"max-video-preview:-1"},"canonical":"https:\/\/danarazdanceprojects.com\/privacy-policy\/","og_locale":"es_ES","og_type":"article","og_title":"Pol\u00edtica de Privacidad - Dana Raz Dance Projects","og_description":"Pol\u00edtica de Privacidad Dana Raz Dance Projects Pol\u00edtica de privacidad Fecha Efectiva: 7th may 2024 Introducci\u00f3n Dana Raz Dance Projects, con representaci\u00f3n legal de Danna Raz, CIF Y3283206Q, con domicilio en Avenida Col\u00f3n, 3, 5\u00aa Izquierda, 33013, Oviedo, Espa\u00f1a, se compromete a proteger su privacidad. Esta Pol\u00edtica de Privacidad describe c\u00f3mo recopilamos, utilizamos, revelamos y [&hellip;]","og_url":"https:\/\/danarazdanceprojects.com\/privacy-policy\/","og_site_name":"Dana Raz Dance Projects","article_publisher":"https:\/\/www.facebook.com\/DanaRazDanceProjects","article_modified_time":"2024-05-16T08:34:53+00:00","twitter_card":"summary_large_image","twitter_misc":{"Tiempo de lectura":"4 minutos"},"schema":{"@context":"https:\/\/schema.org","@graph":[{"@type":"WebPage","@id":"https:\/\/danarazdanceprojects.com\/privacy-policy\/","url":"https:\/\/danarazdanceprojects.com\/privacy-policy\/","name":"Pol\u00edtica de Privacidad - Dana Raz Dance Projects","isPartOf":{"@id":"https:\/\/danarazdanceprojects.com\/#website"},"datePublished":"2024-03-04T12:05:17+00:00","dateModified":"2024-05-16T08:34:53+00:00","breadcrumb":{"@id":"https:\/\/danarazdanceprojects.com\/privacy-policy\/#breadcrumb"},"inLanguage":"es","potentialAction":[{"@type":"ReadAction","target":["https:\/\/danarazdanceprojects.com\/privacy-policy\/"]}]},{"@type":"BreadcrumbList","@id":"https:\/\/danarazdanceprojects.com\/privacy-policy\/#breadcrumb","itemListElement":[{"@type":"ListItem","position":1,"name":"Home","item":"https:\/\/danarazdanceprojects.com\/"},{"@type":"ListItem","position":2,"name":"Pol\u00edtica de Privacidad"}]},{"@type":"WebSite","@id":"https:\/\/danarazdanceprojects.com\/#website","url":"https:\/\/danarazdanceprojects.com\/","name":"Dana Raz Dance Projects","description":"Dance Company","publisher":{"@id":"https:\/\/danarazdanceprojects.com\/#organization"},"potentialAction":[{"@type":"SearchAction","target":{"@type":"EntryPoint","urlTemplate":"https:\/\/danarazdanceprojects.com\/?s={search_term_string}"},"query-input":{"@type":"PropertyValueSpecification","valueRequired":true,"valueName":"search_term_string"}}],"inLanguage":"es"},{"@type":"Organization","@id":"https:\/\/danarazdanceprojects.com\/#organization","name":"Dana Raz Dance Projects","alternateName":"Dana Raz Dance Projects","url":"https:\/\/danarazdanceprojects.com\/","logo":{"@type":"ImageObject","inLanguage":"es","@id":"https:\/\/danarazdanceprojects.com\/#\/schema\/logo\/image\/","url":"https:\/\/danarazdanceprojects.com\/wp-content\/uploads\/2024\/03\/cropped-LOGO-DANA-TRASNPARENTE-BLANCO-web.png","contentUrl":"https:\/\/danarazdanceprojects.com\/wp-content\/uploads\/2024\/03\/cropped-LOGO-DANA-TRASNPARENTE-BLANCO-web.png","width":400,"height":362,"caption":"Dana Raz Dance Projects"},"image":{"@id":"https:\/\/danarazdanceprojects.com\/#\/schema\/logo\/image\/"},"sameAs":["https:\/\/www.facebook.com\/DanaRazDanceProjects","https:\/\/www.instagram.com\/danarazdanceprojects","https:\/\/www.youtube.com\/channel\/UClOWIwKl3Uc5dMw4oGQtt4Q"]}]}},"_links":{"self":[{"href":"https:\/\/danarazdanceprojects.com\/es\/wp-json\/wp\/v2\/pages\/1299","targetHints":{"allow":["GET"]}}],"collection":[{"href":"https:\/\/danarazdanceprojects.com\/es\/wp-json\/wp\/v2\/pages"}],"about":[{"href":"https:\/\/danarazdanceprojects.com\/es\/wp-json\/wp\/v2\/types\/page"}],"author":[{"embeddable":true,"href":"https:\/\/danarazdanceprojects.com\/es\/wp-json\/wp\/v2\/users\/1"}],"replies":[{"embeddable":true,"href":"https:\/\/danarazdanceprojects.com\/es\/wp-json\/wp\/v2\/comments?post=1299"}],"version-history":[{"count":4,"href":"https:\/\/danarazdanceprojects.com\/es\/wp-json\/wp\/v2\/pages\/1299\/revisions"}],"predecessor-version":[{"id":1361,"href":"https:\/\/danarazdanceprojects.com\/es\/wp-json\/wp\/v2\/pages\/1299\/revisions\/1361"}],"wp:attachment":[{"href":"https:\/\/danarazdanceprojects.com\/es\/wp-json\/wp\/v2\/media?parent=1299"}],"curies":[{"name":"wp","href":"https:\/\/api.w.org\/{rel}","templated":true}]}}